{"id":6163,"date":"2023-11-02T12:41:49","date_gmt":"2023-11-02T12:41:49","guid":{"rendered":"https:\/\/stramilanosottozero.it\/note-legali\/"},"modified":"2023-11-07T17:41:10","modified_gmt":"2023-11-07T17:41:10","slug":"legal-notes","status":"publish","type":"page","link":"https:\/\/stramilanosottozero.it\/en\/legal-notes\/","title":{"rendered":"Legal Notes"},"content":{"rendered":"\r\n<h2 class=\"wp-block-heading\" id=\"noteLegali\">Legal Notes<\/h2>\r\n<p><strong>L\u2019utilizzo del sito web www.stramilanosottozero.it implica per l\u2019utente la conoscenza delle seguenti condizioni.<\/strong><br \/>Il contenuto del presente Sito, tutti i diritti d\u2019autore e ogni altro diritto sulla propriet\u00e0 intellettuale correlati, appartengono a Finalit\u00e0 Eventi srl, titolare del Sito e ad Stramilano Running Club S.S.D. a r.l., organizzatore dell\u2019evento, o a coloro che ne abbiano fornito il Contenuto.<br \/>Le \u00e8 consentito accedere al Sito e stampare copia del Contenuto a comprova della Sua visita. Non \u00e8 consentito nessun altro utilizzo del sito senza il preventivo consenso scritto di Finalit\u00e0 Eventi srl e Stramilano Running Club S.S.D. a r.l., ivi inclusi quegli utilizzi che consistano in modificazioni, pubblicazioni, trasmissioni, realizzazioni di operazioni derivate, incorporazione in un altro sito o riproduzione del Sito o del suo Contenuto (anche mediante link, frame od ogni altro mezzo).<br \/>Il materiale contenuto nel sito web \u00e8 protetto da copyright.<\/p>\r\n<p>Il Suo accesso a questo sito non dovr\u00e0 essere inteso, per presunzione, in via d\u2019eccezione o diversamente, come concessione di una licenza o diritto d\u2019uso dei marchi che appaiono sul sito, salvo il preventivo consenso scritto di Finalit\u00e0 Eventi srl e Stramilano Running Club S.S.D. a r.l. o dei terzi titolari degli altri marchi.<\/p>\r\n<p>Nessuna responsabilit\u00e0 viene assunta in relazione sia al contenuto di quanto pubblicato su questo sito ed all\u2019uso che terzi ne potranno fare, sia per le eventuali contaminazioni derivanti dall\u2019accesso, dall\u2019interconnessione, dallo scarico di materiale da questo sito. Pertanto Finalit\u00e0 Eventi srl e Stramilano Running Club S.S.D. a r.l. non saranno tenute per qualsiasi titolo a rispondere in ordine a danni, perdite, pregiudizi di alcun genere che terzi potranno subire a causa del contatto intervenuto con questo sito, oppure a seguito dell\u2019uso di quanto nello stesso pubblicato.<\/p>\r\n<p>Nessun dato personale verr\u00e0 richiesto ai visitatori per l\u2019accesso al sito.<\/p>\r\n","protected":false},"excerpt":{"rendered":"<p>Legal Notes L\u2019utilizzo del sito web www.stramilanosottozero.it implica per l\u2019utente [&hellip;]<\/p>\n","protected":false},"author":1,"featured_media":0,"parent":0,"menu_order":0,"comment_status":"closed","ping_status":"open","template":"","meta":{"footnotes":""},"class_list":["post-6163","page","type-page","status-publish","hentry"],"yoast_head":"<!-- This site is optimized with the Yoast SEO plugin v27.2 - https:\/\/yoast.com\/product\/yoast-seo-wordpress\/ -->\n<title>Legal Notes - Stramilano SOTTOZERO<\/title>\n<meta name=\"robots\" content=\"index, follow, max-snippet:-1, max-image-preview:large, max-video-preview:-1\" \/>\n<link rel=\"canonical\" href=\"https:\/\/stramilanosottozero.it\/en\/legal-notes\/\" \/>\n<meta property=\"og:locale\" content=\"en_US\" \/>\n<meta property=\"og:type\" content=\"article\" \/>\n<meta property=\"og:title\" content=\"Legal Notes - Stramilano SOTTOZERO\" \/>\n<meta property=\"og:description\" content=\"Legal Notes L\u2019utilizzo del sito web www.stramilanosottozero.it implica per l\u2019utente [&hellip;]\" \/>\n<meta property=\"og:url\" content=\"https:\/\/stramilanosottozero.it\/en\/legal-notes\/\" \/>\n<meta property=\"og:site_name\" content=\"Stramilano SOTTOZERO\" \/>\n<meta property=\"article:publisher\" content=\"https:\/\/www.facebook.com\/10KMonza\" \/>\n<meta property=\"article:modified_time\" content=\"2023-11-07T17:41:10+00:00\" \/>\n<meta name=\"twitter:card\" content=\"summary_large_image\" \/>\n<meta name=\"twitter:label1\" content=\"Est. reading time\" \/>\n\t<meta name=\"twitter:data1\" content=\"2 minutes\" \/>\n<script type=\"application\/ld+json\" class=\"yoast-schema-graph\">{\"@context\":\"https:\/\/schema.org\",\"@graph\":[{\"@type\":\"WebPage\",\"@id\":\"https:\/\/stramilanosottozero.it\/en\/legal-notes\/\",\"url\":\"https:\/\/stramilanosottozero.it\/en\/legal-notes\/\",\"name\":\"Legal Notes - Stramilano SOTTOZERO\",\"isPartOf\":{\"@id\":\"https:\/\/stramilanosottozero.it\/en\/#website\"},\"datePublished\":\"2023-11-02T12:41:49+00:00\",\"dateModified\":\"2023-11-07T17:41:10+00:00\",\"breadcrumb\":{\"@id\":\"https:\/\/stramilanosottozero.it\/en\/legal-notes\/#breadcrumb\"},\"inLanguage\":\"en-US\",\"potentialAction\":[{\"@type\":\"ReadAction\",\"target\":[\"https:\/\/stramilanosottozero.it\/en\/legal-notes\/\"]}]},{\"@type\":\"BreadcrumbList\",\"@id\":\"https:\/\/stramilanosottozero.it\/en\/legal-notes\/#breadcrumb\",\"itemListElement\":[{\"@type\":\"ListItem\",\"position\":1,\"name\":\"Home\",\"item\":\"https:\/\/stramilanosottozero.it\/en\/\"},{\"@type\":\"ListItem\",\"position\":2,\"name\":\"Legal Notes\"}]},{\"@type\":\"WebSite\",\"@id\":\"https:\/\/stramilanosottozero.it\/en\/#website\",\"url\":\"https:\/\/stramilanosottozero.it\/en\/\",\"name\":\"Stramilano SOTTOZERO\",\"description\":\"\",\"potentialAction\":[{\"@type\":\"SearchAction\",\"target\":{\"@type\":\"EntryPoint\",\"urlTemplate\":\"https:\/\/stramilanosottozero.it\/en\/?s={search_term_string}\"},\"query-input\":{\"@type\":\"PropertyValueSpecification\",\"valueRequired\":true,\"valueName\":\"search_term_string\"}}],\"inLanguage\":\"en-US\"}]}<\/script>\n<!-- \/ Yoast SEO plugin. -->","yoast_head_json":{"title":"Legal Notes - Stramilano SOTTOZERO","robots":{"index":"index","follow":"follow","max-snippet":"max-snippet:-1","max-image-preview":"max-image-preview:large","max-video-preview":"max-video-preview:-1"},"canonical":"https:\/\/stramilanosottozero.it\/en\/legal-notes\/","og_locale":"en_US","og_type":"article","og_title":"Legal Notes - Stramilano SOTTOZERO","og_description":"Legal Notes L\u2019utilizzo del sito web www.stramilanosottozero.it implica per l\u2019utente [&hellip;]","og_url":"https:\/\/stramilanosottozero.it\/en\/legal-notes\/","og_site_name":"Stramilano SOTTOZERO","article_publisher":"https:\/\/www.facebook.com\/10KMonza","article_modified_time":"2023-11-07T17:41:10+00:00","twitter_card":"summary_large_image","twitter_misc":{"Est. reading time":"2 minutes"},"schema":{"@context":"https:\/\/schema.org","@graph":[{"@type":"WebPage","@id":"https:\/\/stramilanosottozero.it\/en\/legal-notes\/","url":"https:\/\/stramilanosottozero.it\/en\/legal-notes\/","name":"Legal Notes - Stramilano SOTTOZERO","isPartOf":{"@id":"https:\/\/stramilanosottozero.it\/en\/#website"},"datePublished":"2023-11-02T12:41:49+00:00","dateModified":"2023-11-07T17:41:10+00:00","breadcrumb":{"@id":"https:\/\/stramilanosottozero.it\/en\/legal-notes\/#breadcrumb"},"inLanguage":"en-US","potentialAction":[{"@type":"ReadAction","target":["https:\/\/stramilanosottozero.it\/en\/legal-notes\/"]}]},{"@type":"BreadcrumbList","@id":"https:\/\/stramilanosottozero.it\/en\/legal-notes\/#breadcrumb","itemListElement":[{"@type":"ListItem","position":1,"name":"Home","item":"https:\/\/stramilanosottozero.it\/en\/"},{"@type":"ListItem","position":2,"name":"Legal Notes"}]},{"@type":"WebSite","@id":"https:\/\/stramilanosottozero.it\/en\/#website","url":"https:\/\/stramilanosottozero.it\/en\/","name":"Stramilano SOTTOZERO","description":"","potentialAction":[{"@type":"SearchAction","target":{"@type":"EntryPoint","urlTemplate":"https:\/\/stramilanosottozero.it\/en\/?s={search_term_string}"},"query-input":{"@type":"PropertyValueSpecification","valueRequired":true,"valueName":"search_term_string"}}],"inLanguage":"en-US"}]}},"_links":{"self":[{"href":"https:\/\/stramilanosottozero.it\/en\/wp-json\/wp\/v2\/pages\/6163","targetHints":{"allow":["GET"]}}],"collection":[{"href":"https:\/\/stramilanosottozero.it\/en\/wp-json\/wp\/v2\/pages"}],"about":[{"href":"https:\/\/stramilanosottozero.it\/en\/wp-json\/wp\/v2\/types\/page"}],"author":[{"embeddable":true,"href":"https:\/\/stramilanosottozero.it\/en\/wp-json\/wp\/v2\/users\/1"}],"replies":[{"embeddable":true,"href":"https:\/\/stramilanosottozero.it\/en\/wp-json\/wp\/v2\/comments?post=6163"}],"version-history":[{"count":1,"href":"https:\/\/stramilanosottozero.it\/en\/wp-json\/wp\/v2\/pages\/6163\/revisions"}],"predecessor-version":[{"id":6264,"href":"https:\/\/stramilanosottozero.it\/en\/wp-json\/wp\/v2\/pages\/6163\/revisions\/6264"}],"wp:attachment":[{"href":"https:\/\/stramilanosottozero.it\/en\/wp-json\/wp\/v2\/media?parent=6163"}],"curies":[{"name":"wp","href":"https:\/\/api.w.org\/{rel}","templated":true}]}}